{"id":26,"date":"2023-05-23T09:28:59","date_gmt":"2023-05-23T07:28:59","guid":{"rendered":"https:\/\/energo.green\/?page_id=26"},"modified":"2024-10-07T10:14:14","modified_gmt":"2024-10-07T08:14:14","slug":"our-mission","status":"publish","type":"page","link":"https:\/\/energo.green\/fr\/our-mission\/","title":{"rendered":"Le Challenge"},"content":{"rendered":"<div data-elementor-type=\"wp-page\" data-elementor-id=\"26\" class=\"elementor elementor-26\" data-elementor-post-type=\"page\">\n\t\t\t\t\t\t<section class=\"elementor-section elementor-top-section elementor-element elementor-element-2ddb892 elementor-hidden-desktop elementor-hidden-tablet elementor-hidden-mobile elementor-section-boxed elementor-section-height-default elementor-section-height-default\" data-id=\"2ddb892\" data-element_type=\"section\" data-e-type=\"section\">\n\t\t\t\t\t\t<div class=\"elementor-container elementor-column-gap-default\">\n\t\t\t\t\t<div class=\"elementor-column elementor-col-100 elementor-top-column elementor-element elementor-element-94a4f42\" data-id=\"94a4f42\" data-element_type=\"column\" data-e-type=\"column\">\n\t\t\t<div class=\"elementor-widget-wrap elementor-element-populated\">\n\t\t\t\t\t\t<div class=\"elementor-element elementor-element-6d9ba3a elementor-widget elementor-widget-spacer\" data-id=\"6d9ba3a\" data-element_type=\"widget\" data-e-type=\"widget\" data-widget_type=\"spacer.default\">\n\t\t\t\t<div class=\"elementor-widget-container\">\n\t\t\t\t\t\t\t<div class=\"elementor-spacer\">\n\t\t\t<div class=\"elementor-spacer-inner\"><\/div>\n\t\t<\/div>\n\t\t\t\t\t\t<\/div>\n\t\t\t\t<\/div>\n\t\t\t\t\t<\/div>\n\t\t<\/div>\n\t\t\t\t\t<\/div>\n\t\t<\/section>\n\t\t\t\t<section class=\"elementor-section elementor-top-section elementor-element elementor-element-74a2a4c2 elementor-section-full_width elementor-section-height-min-height elementor-section-height-default elementor-section-items-middle\" data-id=\"74a2a4c2\" data-element_type=\"section\" data-e-type=\"section\" data-settings=\"{&quot;background_background&quot;:&quot;classic&quot;}\">\n\t\t\t\t\t\t\t<div class=\"elementor-background-overlay\"><\/div>\n\t\t\t\t\t\t\t<div class=\"elementor-container elementor-column-gap-default\">\n\t\t\t\t\t<div class=\"elementor-column elementor-col-100 elementor-top-column elementor-element elementor-element-4fe64398\" data-id=\"4fe64398\" data-element_type=\"column\" data-e-type=\"column\" data-settings=\"{&quot;background_background&quot;:&quot;classic&quot;}\">\n\t\t\t<div class=\"elementor-widget-wrap elementor-element-populated\">\n\t\t\t\t\t\t<div class=\"elementor-element elementor-element-38bbb667 elementor-widget elementor-widget-heading\" data-id=\"38bbb667\" data-element_type=\"widget\" data-e-type=\"widget\" data-widget_type=\"heading.default\">\n\t\t\t\t<div class=\"elementor-widget-container\">\n\t\t\t\t\t<h1 class=\"elementor-heading-title elementor-size-default\">La d\u00e9carbonation<\/h1>\t\t\t\t<\/div>\n\t\t\t\t<\/div>\n\t\t\t\t<div class=\"elementor-element elementor-element-63f29f8f elementor-widget elementor-widget-heading\" data-id=\"63f29f8f\" data-element_type=\"widget\" data-e-type=\"widget\" data-widget_type=\"heading.default\">\n\t\t\t\t<div class=\"elementor-widget-container\">\n\t\t\t\t\t<h3 class=\"elementor-heading-title elementor-size-default\">Un challenge cl\u00e9<\/h3>\t\t\t\t<\/div>\n\t\t\t\t<\/div>\n\t\t\t\t<div class=\"elementor-element elementor-element-7cee31fa elementor-mobile-align-center elementor-tablet-align-center elementor-widget elementor-widget-button\" data-id=\"7cee31fa\" data-element_type=\"widget\" data-e-type=\"widget\" data-widget_type=\"button.default\">\n\t\t\t\t<div class=\"elementor-widget-container\">\n\t\t\t\t\t\t\t\t\t<div class=\"elementor-button-wrapper\">\n\t\t\t\t\t<a class=\"elementor-button elementor-button-link elementor-size-sm\" href=\"#decouvrir\">\n\t\t\t\t\t\t<span class=\"elementor-button-content-wrapper\">\n\t\t\t\t\t\t\t\t\t<span class=\"elementor-button-text\">D\u00e9couvrir<\/span>\n\t\t\t\t\t<\/span>\n\t\t\t\t\t<\/a>\n\t\t\t\t<\/div>\n\t\t\t\t\t\t\t\t<\/div>\n\t\t\t\t<\/div>\n\t\t\t\t<div class=\"elementor-element elementor-element-3e1a26fe elementor-widget elementor-widget-spacer\" data-id=\"3e1a26fe\" data-element_type=\"widget\" data-e-type=\"widget\" data-widget_type=\"spacer.default\">\n\t\t\t\t<div class=\"elementor-widget-container\">\n\t\t\t\t\t\t\t<div class=\"elementor-spacer\">\n\t\t\t<div class=\"elementor-spacer-inner\"><\/div>\n\t\t<\/div>\n\t\t\t\t\t\t<\/div>\n\t\t\t\t<\/div>\n\t\t\t\t<div class=\"elementor-element elementor-element-374799fd elementor-widget elementor-widget-text-editor\" data-id=\"374799fd\" data-element_type=\"widget\" data-e-type=\"widget\" data-widget_type=\"text-editor.default\">\n\t\t\t\t<div class=\"elementor-widget-container\">\n\t\t\t\t\t\t\t\t\t<p><span style=\"white-space-collapse: preserve;\">Profit, accessibilit\u00e9 et d\u00e9ploiement des technologies pour tous<\/span><\/p><p>\u00a0<\/p>\t\t\t\t\t\t\t\t<\/div>\n\t\t\t\t<\/div>\n\t\t\t\t\t<\/div>\n\t\t<\/div>\n\t\t\t\t\t<\/div>\n\t\t<\/section>\n\t\t\t\t<section class=\"elementor-section elementor-top-section elementor-element elementor-element-28585015 elementor-section-boxed elementor-section-height-default elementor-section-height-default\" data-id=\"28585015\" data-element_type=\"section\" data-e-type=\"section\">\n\t\t\t\t\t\t<div class=\"elementor-container elementor-column-gap-default\">\n\t\t\t\t\t<div class=\"elementor-column elementor-col-100 elementor-top-column elementor-element elementor-element-5f15cb53\" data-id=\"5f15cb53\" data-element_type=\"column\" data-e-type=\"column\">\n\t\t\t<div class=\"elementor-widget-wrap elementor-element-populated\">\n\t\t\t\t\t\t<div class=\"elementor-element elementor-element-6a5195f elementor-widget elementor-widget-menu-anchor\" data-id=\"6a5195f\" data-element_type=\"widget\" data-e-type=\"widget\" data-widget_type=\"menu-anchor.default\">\n\t\t\t\t<div class=\"elementor-widget-container\">\n\t\t\t\t\t\t\t<div class=\"elementor-menu-anchor\" id=\"decouvrir\"><\/div>\n\t\t\t\t\t\t<\/div>\n\t\t\t\t<\/div>\n\t\t\t\t<div class=\"elementor-element elementor-element-67052533 elementor-widget-divider--view-line elementor-widget elementor-widget-divider\" data-id=\"67052533\" data-element_type=\"widget\" data-e-type=\"widget\" data-widget_type=\"divider.default\">\n\t\t\t\t<div class=\"elementor-widget-container\">\n\t\t\t\t\t\t\t<div class=\"elementor-divider\">\n\t\t\t<span class=\"elementor-divider-separator\">\n\t\t\t\t\t\t<\/span>\n\t\t<\/div>\n\t\t\t\t\t\t<\/div>\n\t\t\t\t<\/div>\n\t\t\t\t<div class=\"elementor-element elementor-element-3e92140b elementor-widget elementor-widget-heading\" data-id=\"3e92140b\" data-element_type=\"widget\" data-e-type=\"widget\" data-widget_type=\"heading.default\">\n\t\t\t\t<div class=\"elementor-widget-container\">\n\t\t\t\t\t<h2 class=\"elementor-heading-title elementor-size-default\">Depuis la COP 21 et le lancement de l'engagement collectif mondial contre le r\u00e9chauffement climatique, des strat\u00e9gies ambitieuses de r\u00e9duction des \u00e9missions de carbone ont \u00e9t\u00e9 mises en place en vue d'atteindre la neutralit\u00e9 carbone d'ici 2050.<\/h2>\t\t\t\t<\/div>\n\t\t\t\t<\/div>\n\t\t\t\t<div class=\"elementor-element elementor-element-3cfe4ec4 elementor-widget-divider--view-line elementor-widget elementor-widget-divider\" data-id=\"3cfe4ec4\" data-element_type=\"widget\" data-e-type=\"widget\" data-widget_type=\"divider.default\">\n\t\t\t\t<div class=\"elementor-widget-container\">\n\t\t\t\t\t\t\t<div class=\"elementor-divider\">\n\t\t\t<span class=\"elementor-divider-separator\">\n\t\t\t\t\t\t<\/span>\n\t\t<\/div>\n\t\t\t\t\t\t<\/div>\n\t\t\t\t<\/div>\n\t\t\t\t\t<\/div>\n\t\t<\/div>\n\t\t\t\t\t<\/div>\n\t\t<\/section>\n\t\t\t\t<section class=\"elementor-section elementor-top-section elementor-element elementor-element-7a74a05 elementor-section-full_width elementor-section-height-default elementor-section-height-default\" data-id=\"7a74a05\" data-element_type=\"section\" data-e-type=\"section\" data-settings=\"{&quot;background_background&quot;:&quot;classic&quot;}\">\n\t\t\t\t\t\t<div class=\"elementor-container elementor-column-gap-default\">\n\t\t\t\t\t<div class=\"elementor-column elementor-col-100 elementor-top-column elementor-element elementor-element-6320326\" data-id=\"6320326\" data-element_type=\"column\" data-e-type=\"column\">\n\t\t\t<div class=\"elementor-widget-wrap elementor-element-populated\">\n\t\t\t\t\t\t<section class=\"elementor-section elementor-inner-section elementor-element elementor-element-dc8d258 elementor-section-full_width elementor-section-content-middle elementor-section-height-default elementor-section-height-default\" data-id=\"dc8d258\" data-element_type=\"section\" data-e-type=\"section\">\n\t\t\t\t\t\t<div class=\"elementor-container elementor-column-gap-default\">\n\t\t\t\t\t<div class=\"elementor-column elementor-col-50 elementor-inner-column elementor-element elementor-element-16ddf55\" data-id=\"16ddf55\" data-element_type=\"column\" data-e-type=\"column\">\n\t\t\t<div class=\"elementor-widget-wrap elementor-element-populated\">\n\t\t\t\t\t\t<div class=\"elementor-element elementor-element-dcee302 elementor-widget elementor-widget-image\" data-id=\"dcee302\" data-element_type=\"widget\" data-e-type=\"widget\" data-widget_type=\"image.default\">\n\t\t\t\t<div class=\"elementor-widget-container\">\n\t\t\t\t\t\t\t\t\t\t\t\t\t\t\t<img fetchpriority=\"high\" decoding=\"async\" width=\"800\" height=\"532\" src=\"https:\/\/energo.green\/wp-content\/uploads\/2023\/06\/organic-liquiids-1.webp\" class=\"attachment-large size-large wp-image-237\" alt=\"\" srcset=\"https:\/\/energo.green\/wp-content\/uploads\/2023\/06\/organic-liquiids-1.webp 1024w, https:\/\/energo.green\/wp-content\/uploads\/2023\/06\/organic-liquiids-1-300x200.webp 300w, https:\/\/energo.green\/wp-content\/uploads\/2023\/06\/organic-liquiids-1-768x511.webp 768w\" sizes=\"(max-width: 800px) 100vw, 800px\" \/>\t\t\t\t\t\t\t\t\t\t\t\t\t\t\t<\/div>\n\t\t\t\t<\/div>\n\t\t\t\t\t<\/div>\n\t\t<\/div>\n\t\t\t\t<div class=\"elementor-column elementor-col-50 elementor-inner-column elementor-element elementor-element-8f6b0a8\" data-id=\"8f6b0a8\" data-element_type=\"column\" data-e-type=\"column\">\n\t\t\t<div class=\"elementor-widget-wrap elementor-element-populated\">\n\t\t\t\t\t\t<div class=\"elementor-element elementor-element-0a844cb elementor-widget elementor-widget-heading\" data-id=\"0a844cb\" data-element_type=\"widget\" data-e-type=\"widget\" data-widget_type=\"heading.default\">\n\t\t\t\t<div class=\"elementor-widget-container\">\n\t\t\t\t\t<h2 class=\"elementor-heading-title elementor-size-default\">Comment ?<\/h2>\t\t\t\t<\/div>\n\t\t\t\t<\/div>\n\t\t\t\t<div class=\"elementor-element elementor-element-0db90b1 elementor-widget elementor-widget-heading\" data-id=\"0db90b1\" data-element_type=\"widget\" data-e-type=\"widget\" data-widget_type=\"heading.default\">\n\t\t\t\t<div class=\"elementor-widget-container\">\n\t\t\t\t\t<h5 class=\"elementor-heading-title elementor-size-default\">Cet objectif sera atteint gr\u00e2ce \u00e0 une combinaison de mesures telles que l'utilisation de l'hydrog\u00e8ne, des e-carburants , des biocarburants et des produits chimiques biosourc\u00e9s, entre autres. Pour atteindre ces objectifs, les technologies innovantes joueront un r\u00f4le majeur dans l'acc\u00e9l\u00e9ration de la r\u00e9duction des co\u00fbts des solutions techniques pour permettre  une \u00e9conomie circulaire.<\/h5>\t\t\t\t<\/div>\n\t\t\t\t<\/div>\n\t\t\t\t\t<\/div>\n\t\t<\/div>\n\t\t\t\t\t<\/div>\n\t\t<\/section>\n\t\t\t\t\t<\/div>\n\t\t<\/div>\n\t\t\t\t\t<\/div>\n\t\t<\/section>\n\t\t\t\t<section class=\"elementor-section elementor-top-section elementor-element elementor-element-e659c0f elementor-section-full_width elementor-section-height-default elementor-section-height-default\" data-id=\"e659c0f\" data-element_type=\"section\" data-e-type=\"section\" data-settings=\"{&quot;background_background&quot;:&quot;classic&quot;}\">\n\t\t\t\t\t\t<div class=\"elementor-container elementor-column-gap-default\">\n\t\t\t\t\t<div class=\"elementor-column elementor-col-100 elementor-top-column elementor-element elementor-element-8f7b3c0\" data-id=\"8f7b3c0\" data-element_type=\"column\" data-e-type=\"column\">\n\t\t\t<div class=\"elementor-widget-wrap elementor-element-populated\">\n\t\t\t\t\t\t<div class=\"elementor-element elementor-element-46a342a elementor-widget elementor-widget-heading\" data-id=\"46a342a\" data-element_type=\"widget\" data-e-type=\"widget\" data-widget_type=\"heading.default\">\n\t\t\t\t<div class=\"elementor-widget-container\">\n\t\t\t\t\t<h2 class=\"elementor-heading-title elementor-size-default\">Les challenges cl\u00e9s :<\/h2>\t\t\t\t<\/div>\n\t\t\t\t<\/div>\n\t\t\t\t<div class=\"elementor-element elementor-element-ff473f3 elementor-widget__width-initial elementor-widget-mobile__width-inherit elementor-widget elementor-widget-heading\" data-id=\"ff473f3\" data-element_type=\"widget\" data-e-type=\"widget\" data-widget_type=\"heading.default\">\n\t\t\t\t<div class=\"elementor-widget-container\">\n\t\t\t\t\t<h4 class=\"elementor-heading-title elementor-size-default\">Accessibilit\u00e9<\/h4>\t\t\t\t<\/div>\n\t\t\t\t<\/div>\n\t\t\t\t<div class=\"elementor-element elementor-element-52cab50 elementor-widget__width-initial elementor-widget elementor-widget-heading\" data-id=\"52cab50\" data-element_type=\"widget\" data-e-type=\"widget\" data-widget_type=\"heading.default\">\n\t\t\t\t<div class=\"elementor-widget-container\">\n\t\t\t\t\t<h4 class=\"elementor-heading-title elementor-size-default\">Rentabilit\u00e9<\/h4>\t\t\t\t<\/div>\n\t\t\t\t<\/div>\n\t\t\t\t<div class=\"elementor-element elementor-element-15c3641 elementor-widget__width-initial elementor-widget elementor-widget-heading\" data-id=\"15c3641\" data-element_type=\"widget\" data-e-type=\"widget\" data-widget_type=\"heading.default\">\n\t\t\t\t<div class=\"elementor-widget-container\">\n\t\t\t\t\t<h4 class=\"elementor-heading-title elementor-size-default\">D\u00e9ploiement des technologies pour tous<\/h4>\t\t\t\t<\/div>\n\t\t\t\t<\/div>\n\t\t\t\t<section class=\"elementor-section elementor-inner-section elementor-element elementor-element-1a76b4a elementor-section-boxed elementor-section-height-default elementor-section-height-default\" data-id=\"1a76b4a\" data-element_type=\"section\" data-e-type=\"section\">\n\t\t\t\t\t\t<div class=\"elementor-container elementor-column-gap-default\">\n\t\t\t\t\t<div class=\"elementor-column elementor-col-50 elementor-inner-column elementor-element elementor-element-c6ff8d6\" data-id=\"c6ff8d6\" data-element_type=\"column\" data-e-type=\"column\">\n\t\t\t<div class=\"elementor-widget-wrap elementor-element-populated\">\n\t\t\t\t\t\t<div class=\"elementor-element elementor-element-82b1c10 elementor-widget elementor-widget-heading\" data-id=\"82b1c10\" data-element_type=\"widget\" data-e-type=\"widget\" data-widget_type=\"heading.default\">\n\t\t\t\t<div class=\"elementor-widget-container\">\n\t\t\t\t\t<h5 class=\"elementor-heading-title elementor-size-default\">Des petits aux grands \u00e9metteurs de CO\u2082<\/h5>\t\t\t\t<\/div>\n\t\t\t\t<\/div>\n\t\t\t\t\t<\/div>\n\t\t<\/div>\n\t\t\t\t<div class=\"elementor-column elementor-col-50 elementor-inner-column elementor-element elementor-element-1e48d3f\" data-id=\"1e48d3f\" data-element_type=\"column\" data-e-type=\"column\">\n\t\t\t<div class=\"elementor-widget-wrap elementor-element-populated\">\n\t\t\t\t\t\t<div class=\"elementor-element elementor-element-e40b475 elementor-widget elementor-widget-heading\" data-id=\"e40b475\" data-element_type=\"widget\" data-e-type=\"widget\" data-widget_type=\"heading.default\">\n\t\t\t\t<div class=\"elementor-widget-container\">\n\t\t\t\t\t<h5 class=\"elementor-heading-title elementor-size-default\">Pour les sites \u00e9loign\u00e9es du r\u00e9seau<\/h5>\t\t\t\t<\/div>\n\t\t\t\t<\/div>\n\t\t\t\t\t<\/div>\n\t\t<\/div>\n\t\t\t\t\t<\/div>\n\t\t<\/section>\n\t\t\t\t<section class=\"elementor-section elementor-inner-section elementor-element elementor-element-b37ccdb elementor-section-boxed elementor-section-height-default elementor-section-height-default\" data-id=\"b37ccdb\" data-element_type=\"section\" data-e-type=\"section\">\n\t\t\t\t\t\t<div class=\"elementor-container elementor-column-gap-default\">\n\t\t\t\t\t<div class=\"elementor-column elementor-col-100 elementor-inner-column elementor-element elementor-element-7e17128\" data-id=\"7e17128\" data-element_type=\"column\" data-e-type=\"column\">\n\t\t\t<div class=\"elementor-widget-wrap elementor-element-populated\">\n\t\t\t\t\t\t<div class=\"elementor-element elementor-element-d404823 elementor-widget elementor-widget-heading\" data-id=\"d404823\" data-element_type=\"widget\" data-e-type=\"widget\" data-widget_type=\"heading.default\">\n\t\t\t\t<div class=\"elementor-widget-container\">\n\t\t\t\t\t<h5 class=\"elementor-heading-title elementor-size-default\">Pour des activit\u00e9s int\u00e9gr\u00e9es dans un \u00e9cosyst\u00e8me industriel \u00e9mergent<\/h5>\t\t\t\t<\/div>\n\t\t\t\t<\/div>\n\t\t\t\t\t<\/div>\n\t\t<\/div>\n\t\t\t\t\t<\/div>\n\t\t<\/section>\n\t\t\t\t\t<\/div>\n\t\t<\/div>\n\t\t\t\t\t<\/div>\n\t\t<\/section>\n\t\t\t\t<\/div>","protected":false},"excerpt":{"rendered":"<p>Decarbonization\u200b A key Challenge Discover Profitability, accessibility and deployment of technologies for all \u00a0 Since COP 21 and launch of world\u2019s collective commitment towards global warming, ambitious low carbon strategies have been settled targeting carbon neutrality by 2050.\u200b How ? This will be achieved by a combination of measures such as use of hydrogen, e-fuels, [&hellip;]<\/p>","protected":false},"author":5,"featured_media":0,"parent":0,"menu_order":0,"comment_status":"closed","ping_status":"closed","template":"","meta":{"footnotes":""},"class_list":["post-26","page","type-page","status-publish","hentry"],"yoast_head":"<!-- This site is optimized with the Yoast SEO plugin v27.1.1 - https:\/\/yoast.com\/product\/yoast-seo-wordpress\/ -->\n<title>The challenge - Energo<\/title>\n<meta name=\"description\" content=\"Le challenge d&#039;Energo pour faire face au r\u00e9chauffement climatique, et ses diff\u00e9rents enjeux.\" \/>\n<meta name=\"robots\" content=\"index, follow, max-snippet:-1, max-image-preview:large, max-video-preview:-1\" \/>\n<link rel=\"canonical\" href=\"https:\/\/energo.green\/fr\/our-mission\/\" \/>\n<meta property=\"og:locale\" content=\"fr_FR\" \/>\n<meta property=\"og:type\" content=\"article\" \/>\n<meta property=\"og:title\" content=\"The challenge - Energo\" \/>\n<meta property=\"og:description\" content=\"Le challenge d&#039;Energo pour faire face au r\u00e9chauffement climatique, et ses diff\u00e9rents enjeux.\" \/>\n<meta property=\"og:url\" content=\"https:\/\/energo.green\/fr\/our-mission\/\" \/>\n<meta property=\"og:site_name\" content=\"Energo\" \/>\n<meta property=\"article:modified_time\" content=\"2024-10-07T08:14:14+00:00\" \/>\n<meta property=\"og:image\" content=\"http:\/\/energo.green\/wp-content\/uploads\/2023\/06\/organic-liquiids-1.webp\" \/>\n<meta name=\"twitter:card\" content=\"summary_large_image\" \/>\n<meta name=\"twitter:label1\" content=\"Dur\u00e9e de lecture estim\u00e9e\" \/>\n\t<meta name=\"twitter:data1\" content=\"1 minute\" \/>\n<script type=\"application\/ld+json\" class=\"yoast-schema-graph\">{\"@context\":\"https:\/\/schema.org\",\"@graph\":[{\"@type\":\"WebPage\",\"@id\":\"https:\/\/energo.green\/our-mission\/\",\"url\":\"https:\/\/energo.green\/our-mission\/\",\"name\":\"The challenge - Energo\",\"isPartOf\":{\"@id\":\"https:\/\/energo.green\/#website\"},\"primaryImageOfPage\":{\"@id\":\"https:\/\/energo.green\/our-mission\/#primaryimage\"},\"image\":{\"@id\":\"https:\/\/energo.green\/our-mission\/#primaryimage\"},\"thumbnailUrl\":\"https:\/\/energo.green\/wp-content\/uploads\/2023\/06\/organic-liquiids-1.webp\",\"datePublished\":\"2023-05-23T07:28:59+00:00\",\"dateModified\":\"2024-10-07T08:14:14+00:00\",\"description\":\"Le challenge d'Energo pour faire face au r\u00e9chauffement climatique, et ses diff\u00e9rents enjeux.\",\"breadcrumb\":{\"@id\":\"https:\/\/energo.green\/our-mission\/#breadcrumb\"},\"inLanguage\":\"fr-FR\",\"potentialAction\":[{\"@type\":\"ReadAction\",\"target\":[\"https:\/\/energo.green\/our-mission\/\"]}]},{\"@type\":\"ImageObject\",\"inLanguage\":\"fr-FR\",\"@id\":\"https:\/\/energo.green\/our-mission\/#primaryimage\",\"url\":\"https:\/\/energo.green\/wp-content\/uploads\/2023\/06\/organic-liquiids-1.webp\",\"contentUrl\":\"https:\/\/energo.green\/wp-content\/uploads\/2023\/06\/organic-liquiids-1.webp\"},{\"@type\":\"BreadcrumbList\",\"@id\":\"https:\/\/energo.green\/our-mission\/#breadcrumb\",\"itemListElement\":[{\"@type\":\"ListItem\",\"position\":1,\"name\":\"Accueil\",\"item\":\"https:\/\/energo.green\/\"},{\"@type\":\"ListItem\",\"position\":2,\"name\":\"The challenge\"}]},{\"@type\":\"WebSite\",\"@id\":\"https:\/\/energo.green\/#website\",\"url\":\"https:\/\/energo.green\/\",\"name\":\"Energo\",\"description\":\"\",\"publisher\":{\"@id\":\"https:\/\/energo.green\/#organization\"},\"potentialAction\":[{\"@type\":\"SearchAction\",\"target\":{\"@type\":\"EntryPoint\",\"urlTemplate\":\"https:\/\/energo.green\/?s={search_term_string}\"},\"query-input\":{\"@type\":\"PropertyValueSpecification\",\"valueRequired\":true,\"valueName\":\"search_term_string\"}}],\"inLanguage\":\"fr-FR\"},{\"@type\":\"Organization\",\"@id\":\"https:\/\/energo.green\/#organization\",\"name\":\"Energo\",\"url\":\"https:\/\/energo.green\/\",\"logo\":{\"@type\":\"ImageObject\",\"inLanguage\":\"fr-FR\",\"@id\":\"https:\/\/energo.green\/#\/schema\/logo\/image\/\",\"url\":\"https:\/\/energo.green\/wp-content\/uploads\/2023\/05\/Energo_main-2.svg\",\"contentUrl\":\"https:\/\/energo.green\/wp-content\/uploads\/2023\/05\/Energo_main-2.svg\",\"width\":160,\"height\":42,\"caption\":\"Energo\"},\"image\":{\"@id\":\"https:\/\/energo.green\/#\/schema\/logo\/image\/\"}}]}<\/script>\n<!-- \/ Yoast SEO plugin. -->","yoast_head_json":{"title":"The challenge - Energo","description":"Le challenge d'Energo pour faire face au r\u00e9chauffement climatique, et ses diff\u00e9rents enjeux.","robots":{"index":"index","follow":"follow","max-snippet":"max-snippet:-1","max-image-preview":"max-image-preview:large","max-video-preview":"max-video-preview:-1"},"canonical":"https:\/\/energo.green\/fr\/our-mission\/","og_locale":"fr_FR","og_type":"article","og_title":"The challenge - Energo","og_description":"Le challenge d'Energo pour faire face au r\u00e9chauffement climatique, et ses diff\u00e9rents enjeux.","og_url":"https:\/\/energo.green\/fr\/our-mission\/","og_site_name":"Energo","article_modified_time":"2024-10-07T08:14:14+00:00","og_image":[{"url":"http:\/\/energo.green\/wp-content\/uploads\/2023\/06\/organic-liquiids-1.webp","type":"","width":"","height":""}],"twitter_card":"summary_large_image","twitter_misc":{"Dur\u00e9e de lecture estim\u00e9e":"1 minute"},"schema":{"@context":"https:\/\/schema.org","@graph":[{"@type":"WebPage","@id":"https:\/\/energo.green\/our-mission\/","url":"https:\/\/energo.green\/our-mission\/","name":"The challenge - Energo","isPartOf":{"@id":"https:\/\/energo.green\/#website"},"primaryImageOfPage":{"@id":"https:\/\/energo.green\/our-mission\/#primaryimage"},"image":{"@id":"https:\/\/energo.green\/our-mission\/#primaryimage"},"thumbnailUrl":"https:\/\/energo.green\/wp-content\/uploads\/2023\/06\/organic-liquiids-1.webp","datePublished":"2023-05-23T07:28:59+00:00","dateModified":"2024-10-07T08:14:14+00:00","description":"Le challenge d'Energo pour faire face au r\u00e9chauffement climatique, et ses diff\u00e9rents enjeux.","breadcrumb":{"@id":"https:\/\/energo.green\/our-mission\/#breadcrumb"},"inLanguage":"fr-FR","potentialAction":[{"@type":"ReadAction","target":["https:\/\/energo.green\/our-mission\/"]}]},{"@type":"ImageObject","inLanguage":"fr-FR","@id":"https:\/\/energo.green\/our-mission\/#primaryimage","url":"https:\/\/energo.green\/wp-content\/uploads\/2023\/06\/organic-liquiids-1.webp","contentUrl":"https:\/\/energo.green\/wp-content\/uploads\/2023\/06\/organic-liquiids-1.webp"},{"@type":"BreadcrumbList","@id":"https:\/\/energo.green\/our-mission\/#breadcrumb","itemListElement":[{"@type":"ListItem","position":1,"name":"Accueil","item":"https:\/\/energo.green\/"},{"@type":"ListItem","position":2,"name":"The challenge"}]},{"@type":"WebSite","@id":"https:\/\/energo.green\/#website","url":"https:\/\/energo.green\/","name":"Energo","description":"","publisher":{"@id":"https:\/\/energo.green\/#organization"},"potentialAction":[{"@type":"SearchAction","target":{"@type":"EntryPoint","urlTemplate":"https:\/\/energo.green\/?s={search_term_string}"},"query-input":{"@type":"PropertyValueSpecification","valueRequired":true,"valueName":"search_term_string"}}],"inLanguage":"fr-FR"},{"@type":"Organization","@id":"https:\/\/energo.green\/#organization","name":"Energo","url":"https:\/\/energo.green\/","logo":{"@type":"ImageObject","inLanguage":"fr-FR","@id":"https:\/\/energo.green\/#\/schema\/logo\/image\/","url":"https:\/\/energo.green\/wp-content\/uploads\/2023\/05\/Energo_main-2.svg","contentUrl":"https:\/\/energo.green\/wp-content\/uploads\/2023\/05\/Energo_main-2.svg","width":160,"height":42,"caption":"Energo"},"image":{"@id":"https:\/\/energo.green\/#\/schema\/logo\/image\/"}}]}},"_links":{"self":[{"href":"https:\/\/energo.green\/fr\/wp-json\/wp\/v2\/pages\/26","targetHints":{"allow":["GET"]}}],"collection":[{"href":"https:\/\/energo.green\/fr\/wp-json\/wp\/v2\/pages"}],"about":[{"href":"https:\/\/energo.green\/fr\/wp-json\/wp\/v2\/types\/page"}],"author":[{"embeddable":true,"href":"https:\/\/energo.green\/fr\/wp-json\/wp\/v2\/users\/5"}],"replies":[{"embeddable":true,"href":"https:\/\/energo.green\/fr\/wp-json\/wp\/v2\/comments?post=26"}],"version-history":[{"count":45,"href":"https:\/\/energo.green\/fr\/wp-json\/wp\/v2\/pages\/26\/revisions"}],"predecessor-version":[{"id":1191,"href":"https:\/\/energo.green\/fr\/wp-json\/wp\/v2\/pages\/26\/revisions\/1191"}],"wp:attachment":[{"href":"https:\/\/energo.green\/fr\/wp-json\/wp\/v2\/media?parent=26"}],"curies":[{"name":"wp","href":"https:\/\/api.w.org\/{rel}","templated":true}]}}