{"id":31,"date":"2023-05-23T09:29:46","date_gmt":"2023-05-23T07:29:46","guid":{"rendered":"https:\/\/energo.green\/?page_id=31"},"modified":"2024-10-08T15:29:15","modified_gmt":"2024-10-08T13:29:15","slug":"our-technology","status":"publish","type":"page","link":"https:\/\/energo.green\/fr\/our-technology\/","title":{"rendered":"Notre Technologie"},"content":{"rendered":"<div data-elementor-type=\"wp-page\" data-elementor-id=\"31\" class=\"elementor elementor-31\" data-elementor-post-type=\"page\">\n\t\t\t\t\t\t<section class=\"elementor-section elementor-top-section elementor-element elementor-element-ad244e7 elementor-hidden-desktop elementor-hidden-tablet elementor-hidden-mobile elementor-section-boxed elementor-section-height-default elementor-section-height-default\" data-id=\"ad244e7\" data-element_type=\"section\" data-e-type=\"section\">\n\t\t\t\t\t\t<div class=\"elementor-container elementor-column-gap-default\">\n\t\t\t\t\t<div class=\"elementor-column elementor-col-100 elementor-top-column elementor-element elementor-element-d130118\" data-id=\"d130118\" data-element_type=\"column\" data-e-type=\"column\">\n\t\t\t<div class=\"elementor-widget-wrap elementor-element-populated\">\n\t\t\t\t\t\t<div class=\"elementor-element elementor-element-bcfd2b8 elementor-widget elementor-widget-spacer\" data-id=\"bcfd2b8\" data-element_type=\"widget\" data-e-type=\"widget\" data-widget_type=\"spacer.default\">\n\t\t\t\t<div class=\"elementor-widget-container\">\n\t\t\t\t\t\t\t<div class=\"elementor-spacer\">\n\t\t\t<div class=\"elementor-spacer-inner\"><\/div>\n\t\t<\/div>\n\t\t\t\t\t\t<\/div>\n\t\t\t\t<\/div>\n\t\t\t\t\t<\/div>\n\t\t<\/div>\n\t\t\t\t\t<\/div>\n\t\t<\/section>\n\t\t\t\t<section class=\"elementor-section elementor-top-section elementor-element elementor-element-27e461dd elementor-section-full_width elementor-section-height-min-height elementor-section-height-default elementor-section-items-middle\" data-id=\"27e461dd\" data-element_type=\"section\" data-e-type=\"section\" data-settings=\"{&quot;background_background&quot;:&quot;classic&quot;}\">\n\t\t\t\t\t\t\t<div class=\"elementor-background-overlay\"><\/div>\n\t\t\t\t\t\t\t<div class=\"elementor-container elementor-column-gap-default\">\n\t\t\t\t\t<div class=\"elementor-column elementor-col-100 elementor-top-column elementor-element elementor-element-10a29d71\" data-id=\"10a29d71\" data-element_type=\"column\" data-e-type=\"column\" data-settings=\"{&quot;background_background&quot;:&quot;classic&quot;}\">\n\t\t\t<div class=\"elementor-widget-wrap elementor-element-populated\">\n\t\t\t\t\t\t<div class=\"elementor-element elementor-element-3e3d8b02 elementor-widget elementor-widget-heading\" data-id=\"3e3d8b02\" data-element_type=\"widget\" data-e-type=\"widget\" data-widget_type=\"heading.default\">\n\t\t\t\t<div class=\"elementor-widget-container\">\n\t\t\t\t\t<h1 class=\"elementor-heading-title elementor-size-default\">Convertir les gaz en mol\u00e9cules d'int\u00e9rets<\/h1>\t\t\t\t<\/div>\n\t\t\t\t<\/div>\n\t\t\t\t<div class=\"elementor-element elementor-element-67be6b28 elementor-widget elementor-widget-heading\" data-id=\"67be6b28\" data-element_type=\"widget\" data-e-type=\"widget\" data-widget_type=\"heading.default\">\n\t\t\t\t<div class=\"elementor-widget-container\">\n\t\t\t\t\t<h3 class=\"elementor-heading-title elementor-size-default\">Une technologie innovante<\/h3>\t\t\t\t<\/div>\n\t\t\t\t<\/div>\n\t\t\t\t<div class=\"elementor-element elementor-element-3fc98ad6 elementor-mobile-align-center elementor-tablet-align-center elementor-widget elementor-widget-button\" data-id=\"3fc98ad6\" data-element_type=\"widget\" data-e-type=\"widget\" data-widget_type=\"button.default\">\n\t\t\t\t<div class=\"elementor-widget-container\">\n\t\t\t\t\t\t\t\t\t<div class=\"elementor-button-wrapper\">\n\t\t\t\t\t<a class=\"elementor-button elementor-button-link elementor-size-sm\" href=\"#decouvrir\">\n\t\t\t\t\t\t<span class=\"elementor-button-content-wrapper\">\n\t\t\t\t\t\t\t\t\t<span class=\"elementor-button-text\">D\u00e9couvrir<\/span>\n\t\t\t\t\t<\/span>\n\t\t\t\t\t<\/a>\n\t\t\t\t<\/div>\n\t\t\t\t\t\t\t\t<\/div>\n\t\t\t\t<\/div>\n\t\t\t\t<div class=\"elementor-element elementor-element-2a469d87 elementor-widget elementor-widget-spacer\" data-id=\"2a469d87\" data-element_type=\"widget\" data-e-type=\"widget\" data-widget_type=\"spacer.default\">\n\t\t\t\t<div class=\"elementor-widget-container\">\n\t\t\t\t\t\t\t<div class=\"elementor-spacer\">\n\t\t\t<div class=\"elementor-spacer-inner\"><\/div>\n\t\t<\/div>\n\t\t\t\t\t\t<\/div>\n\t\t\t\t<\/div>\n\t\t\t\t\t<\/div>\n\t\t<\/div>\n\t\t\t\t\t<\/div>\n\t\t<\/section>\n\t\t\t\t<section class=\"elementor-section elementor-top-section elementor-element elementor-element-13b6f6a6 elementor-section-boxed elementor-section-height-default elementor-section-height-default\" data-id=\"13b6f6a6\" data-element_type=\"section\" data-e-type=\"section\">\n\t\t\t\t\t\t<div class=\"elementor-container elementor-column-gap-default\">\n\t\t\t\t\t<div class=\"elementor-column elementor-col-100 elementor-top-column elementor-element elementor-element-46e333d\" data-id=\"46e333d\" data-element_type=\"column\" data-e-type=\"column\">\n\t\t\t<div class=\"elementor-widget-wrap elementor-element-populated\">\n\t\t\t\t\t\t<div class=\"elementor-element elementor-element-16401c7c elementor-widget-divider--view-line elementor-widget elementor-widget-divider\" data-id=\"16401c7c\" data-element_type=\"widget\" data-e-type=\"widget\" data-widget_type=\"divider.default\">\n\t\t\t\t<div class=\"elementor-widget-container\">\n\t\t\t\t\t\t\t<div class=\"elementor-divider\">\n\t\t\t<span class=\"elementor-divider-separator\">\n\t\t\t\t\t\t<\/span>\n\t\t<\/div>\n\t\t\t\t\t\t<\/div>\n\t\t\t\t<\/div>\n\t\t\t\t<div class=\"elementor-element elementor-element-4b9efd39 elementor-widget elementor-widget-heading\" data-id=\"4b9efd39\" data-element_type=\"widget\" data-e-type=\"widget\" data-widget_type=\"heading.default\">\n\t\t\t\t<div class=\"elementor-widget-container\">\n\t\t\t\t\t<h2 class=\"elementor-heading-title elementor-size-default\">Bas\u00e9 sur des recherches de l'\u00e9cole Chimie Paris tech, ENERGO a d\u00e9velopp\u00e9 une technologie innovante de plasma-catalyse pour convertir des gaz en mol\u00e9cules d'int\u00e9r\u00eat<\/h2>\t\t\t\t<\/div>\n\t\t\t\t<\/div>\n\t\t\t\t<div class=\"elementor-element elementor-element-7a722d3a elementor-widget-divider--view-line elementor-widget elementor-widget-divider\" data-id=\"7a722d3a\" data-element_type=\"widget\" data-e-type=\"widget\" data-widget_type=\"divider.default\">\n\t\t\t\t<div class=\"elementor-widget-container\">\n\t\t\t\t\t\t\t<div class=\"elementor-divider\">\n\t\t\t<span class=\"elementor-divider-separator\">\n\t\t\t\t\t\t<\/span>\n\t\t<\/div>\n\t\t\t\t\t\t<\/div>\n\t\t\t\t<\/div>\n\t\t\t\t\t<\/div>\n\t\t<\/div>\n\t\t\t\t\t<\/div>\n\t\t<\/section>\n\t\t\t\t<section class=\"elementor-section elementor-top-section elementor-element elementor-element-669d48a elementor-section-boxed elementor-section-height-default elementor-section-height-default\" data-id=\"669d48a\" data-element_type=\"section\" data-e-type=\"section\">\n\t\t\t\t\t\t<div class=\"elementor-container elementor-column-gap-default\">\n\t\t\t\t\t<div class=\"elementor-column elementor-col-100 elementor-top-column elementor-element elementor-element-d3c3fc3\" data-id=\"d3c3fc3\" data-element_type=\"column\" data-e-type=\"column\">\n\t\t\t<div class=\"elementor-widget-wrap elementor-element-populated\">\n\t\t\t\t\t\t<div class=\"elementor-element elementor-element-b06e429 elementor-widget elementor-widget-menu-anchor\" data-id=\"b06e429\" data-element_type=\"widget\" data-e-type=\"widget\" data-widget_type=\"menu-anchor.default\">\n\t\t\t\t<div class=\"elementor-widget-container\">\n\t\t\t\t\t\t\t<div class=\"elementor-menu-anchor\" id=\"decouvrir\"><\/div>\n\t\t\t\t\t\t<\/div>\n\t\t\t\t<\/div>\n\t\t\t\t<section class=\"elementor-section elementor-inner-section elementor-element elementor-element-adbb383 elementor-section-boxed elementor-section-height-default elementor-section-height-default\" data-id=\"adbb383\" data-element_type=\"section\" data-e-type=\"section\">\n\t\t\t\t\t\t<div class=\"elementor-container elementor-column-gap-default\">\n\t\t\t\t\t<div class=\"elementor-column elementor-col-33 elementor-inner-column elementor-element elementor-element-7674a7a\" data-id=\"7674a7a\" data-element_type=\"column\" data-e-type=\"column\">\n\t\t\t<div class=\"elementor-widget-wrap elementor-element-populated\">\n\t\t\t\t\t\t<div class=\"elementor-element elementor-element-e65db27 elementor-view-default elementor-widget elementor-widget-icon\" data-id=\"e65db27\" data-element_type=\"widget\" data-e-type=\"widget\" data-widget_type=\"icon.default\">\n\t\t\t\t<div class=\"elementor-widget-container\">\n\t\t\t\t\t\t\t<div class=\"elementor-icon-wrapper\">\n\t\t\t<div class=\"elementor-icon\">\n\t\t\t<svg xmlns=\"http:\/\/www.w3.org\/2000\/svg\" width=\"320\" height=\"314\" viewbox=\"0 0 320 314\" fill=\"none\"><rect y=\"81.5\" width=\"57\" height=\"232\" rx=\"10\" fill=\"#469177\"><\/rect><rect x=\"83\" y=\"157.5\" width=\"57\" height=\"156\" rx=\"10\" fill=\"#6CAB95\"><\/rect><rect x=\"166\" y=\"227.5\" width=\"57\" height=\"86\" rx=\"10\" fill=\"#9CD3A3\"><\/rect><path d=\"M27.5235 2.89367C21.3896 -1.81371 12.601 -0.65732 7.89367 5.47654C3.18629 11.6104 4.34268 20.399 10.4765 25.1063L27.5235 2.89367ZM126.5 96.5L117.977 107.606C123.896 112.149 132.339 111.251 137.17 105.564L126.5 96.5ZM166 50L175.882 40.0828C173.115 37.3257 169.322 35.85 165.419 36.0121C161.516 36.1741 157.859 37.9593 155.33 40.9363L166 50ZM306.025 203.5C313.757 203.486 320.014 197.207 320 189.475L319.775 63.4752C319.761 55.7432 313.482 49.4864 305.75 49.5002C298.018 49.5141 291.761 55.7933 291.775 63.5252L291.975 175.525L179.975 175.725C172.243 175.739 165.986 182.018 166 189.75C166.014 197.482 172.293 203.739 180.025 203.725L306.025 203.5ZM10.4765 25.1063L117.977 107.606L135.023 85.3937L27.5235 2.89367L10.4765 25.1063ZM137.17 105.564L176.67 59.0637L155.33 40.9363L115.83 87.4363L137.17 105.564ZM156.118 59.9172L296.118 199.417L315.882 179.583L175.882 40.0828L156.118 59.9172Z\" fill=\"#469177\"><\/path><\/svg>\t\t\t<\/div>\n\t\t<\/div>\n\t\t\t\t\t\t<\/div>\n\t\t\t\t<\/div>\n\t\t\t\t<div class=\"elementor-element elementor-element-a156266 elementor-widget elementor-widget-text-editor\" data-id=\"a156266\" data-element_type=\"widget\" data-e-type=\"widget\" data-widget_type=\"text-editor.default\">\n\t\t\t\t<div class=\"elementor-widget-container\">\n\t\t\t\t\t\t\t\t\t<p><span style=\"white-space-collapse: preserve;\">CAPEX et OPEX bas*<\/span><\/p>\t\t\t\t\t\t\t\t<\/div>\n\t\t\t\t<\/div>\n\t\t\t\t\t<\/div>\n\t\t<\/div>\n\t\t\t\t<div class=\"elementor-column elementor-col-33 elementor-inner-column elementor-element elementor-element-b15ce5e\" data-id=\"b15ce5e\" data-element_type=\"column\" data-e-type=\"column\">\n\t\t\t<div class=\"elementor-widget-wrap elementor-element-populated\">\n\t\t\t\t\t\t<div class=\"elementor-element elementor-element-950a170 elementor-view-default elementor-widget elementor-widget-icon\" data-id=\"950a170\" data-element_type=\"widget\" data-e-type=\"widget\" data-widget_type=\"icon.default\">\n\t\t\t\t<div class=\"elementor-widget-container\">\n\t\t\t\t\t\t\t<div class=\"elementor-icon-wrapper\">\n\t\t\t<div class=\"elementor-icon\">\n\t\t\t<svg xmlns=\"http:\/\/www.w3.org\/2000\/svg\" id=\"Calque_2\" viewbox=\"0 0 484.35 482.46\"><defs><style>.cls-1{fill:#9cd3a3;}.cls-2{fill:#469177;}<\/style><\/defs><g id=\"Calque_1-2\"><path class=\"cls-2\" d=\"M192.98,272.64H24.41c-10.34,0-18.73,8.39-18.73,18.73,0,10.34,8.39,18.73,18.73,18.73h123.36S17.02,440.85,17.02,440.85c-7.31,7.31-7.31,19.17,0,26.49,7.31,7.31,19.17,7.31,26.49,0l130.74-130.74v123.36c0,10.34,8.39,18.73,18.73,18.73,10.34,0,18.73-8.39,18.73-18.73v-168.58c0-10.34-8.39-18.73-18.73-18.73Z\"><\/path><path class=\"cls-2\" d=\"M187.31,3.78c-10.34,0-18.73,8.39-18.73,18.73v123.36S37.83,15.13,37.83,15.13c-7.31-7.31-19.17-7.31-26.49,0-7.31,7.31-7.31,19.17,0,26.49L142.09,172.36H18.73c-10.34,0-18.73,8.39-18.73,18.73,0,10.34,8.39,18.73,18.73,18.73H187.31c10.34,0,18.73-8.39,18.73-18.73V22.51c0-10.34-8.39-18.73-18.73-18.73Z\"><\/path><path class=\"cls-2\" d=\"M478.68,295.16c0-10.34-8.39-18.73-18.73-18.73h-168.57c-10.34,0-18.73,8.39-18.73,18.73v168.58c0,10.34,8.39,18.73,18.73,18.73,10.34,0,18.73-8.39,18.73-18.73v-123.36l130.74,130.74c7.31,7.31,19.17,7.31,26.49,0,7.31-7.31,7.31-19.17,0-26.49l-130.74-130.74h123.36c10.34,0,18.73-8.39,18.73-18.73Z\"><\/path><path class=\"cls-2\" d=\"M465.62,168.58h-123.36S473.01,37.83,473.01,37.83c7.31-7.31,7.31-19.17,0-26.49-7.31-7.31-19.17-7.31-26.49,0l-130.74,130.74V18.73C315.78,8.39,307.39,0,297.05,0,286.7,0,278.32,8.39,278.32,18.73V187.31c0,10.34,8.39,18.73,18.73,18.73h168.58c10.34,0,18.73-8.39,18.73-18.73,0-10.34-8.39-18.73-18.73-18.73Z\"><\/path><circle class=\"cls-1\" cx=\"236.71\" cy=\"239.06\" r=\"34.12\"><\/circle><\/g><\/svg>\t\t\t<\/div>\n\t\t<\/div>\n\t\t\t\t\t\t<\/div>\n\t\t\t\t<\/div>\n\t\t\t\t<div class=\"elementor-element elementor-element-49c956d elementor-widget elementor-widget-text-editor\" data-id=\"49c956d\" data-element_type=\"widget\" data-e-type=\"widget\" data-widget_type=\"text-editor.default\">\n\t\t\t\t<div class=\"elementor-widget-container\">\n\t\t\t\t\t\t\t\t\t<p><span style=\"white-space-collapse: preserve;\">Design compact<\/span><\/p>\t\t\t\t\t\t\t\t<\/div>\n\t\t\t\t<\/div>\n\t\t\t\t\t<\/div>\n\t\t<\/div>\n\t\t\t\t<div class=\"elementor-column elementor-col-33 elementor-inner-column elementor-element elementor-element-7417875\" data-id=\"7417875\" data-element_type=\"column\" data-e-type=\"column\">\n\t\t\t<div class=\"elementor-widget-wrap elementor-element-populated\">\n\t\t\t\t\t\t<div class=\"elementor-element elementor-element-8a5a3f6 elementor-view-default elementor-widget elementor-widget-icon\" data-id=\"8a5a3f6\" data-element_type=\"widget\" data-e-type=\"widget\" data-widget_type=\"icon.default\">\n\t\t\t\t<div class=\"elementor-widget-container\">\n\t\t\t\t\t\t\t<div class=\"elementor-icon-wrapper\">\n\t\t\t<div class=\"elementor-icon\">\n\t\t\t<svg xmlns=\"http:\/\/www.w3.org\/2000\/svg\" width=\"375\" height=\"376\" viewbox=\"0 0 375 376\" fill=\"none\"><path d=\"M248.623 127L127 248.622\" stroke=\"#9CD3A3\" stroke-width=\"28\" stroke-linecap=\"round\"><\/path><path d=\"M248.623 249L127 127.378\" stroke=\"#9CD3A3\" stroke-width=\"28\" stroke-linecap=\"round\"><\/path><path d=\"M186.723 361.12C99.8024 329.729 56.4669 256.662 34.8091 188.762C17.0801 133.178 14.4286 82.608 14.0573 65.1133C47.8937 64.6598 90.5266 52.343 124.28 40.5064C154.398 29.9442 179.199 19.1165 187.506 15.3747C195.843 19.1372 220.701 30.008 250.843 40.5917C284.581 52.4379 327.185 64.7564 360.91 65.1319C360.43 82.5586 357.46 133.138 339.408 188.73C317.358 256.633 273.639 329.718 186.723 361.12ZM189.995 14.2402C189.98 14.247 189.965 14.2536 189.95 14.2603C189.966 14.2532 189.98 14.2463 189.995 14.2396L189.995 14.2402ZM185.021 14.2402L185.021 14.2395C185.035 14.2462 185.05 14.2531 185.065 14.26C185.05 14.2535 185.036 14.2469 185.021 14.2402Z\" stroke=\"#469177\" stroke-width=\"28\"><\/path><\/svg>\t\t\t<\/div>\n\t\t<\/div>\n\t\t\t\t\t\t<\/div>\n\t\t\t\t<\/div>\n\t\t\t\t<div class=\"elementor-element elementor-element-bd24168 elementor-widget elementor-widget-text-editor\" data-id=\"bd24168\" data-element_type=\"widget\" data-e-type=\"widget\" data-widget_type=\"text-editor.default\">\n\t\t\t\t<div class=\"elementor-widget-container\">\n\t\t\t\t\t\t\t\t\t<p><span style=\"white-space-collapse: preserve;\">Grande r\u00e9sistance aux polluants<\/span><\/p>\t\t\t\t\t\t\t\t<\/div>\n\t\t\t\t<\/div>\n\t\t\t\t\t<\/div>\n\t\t<\/div>\n\t\t\t\t\t<\/div>\n\t\t<\/section>\n\t\t\t\t<div class=\"elementor-element elementor-element-7364cd7 elementor-widget elementor-widget-image\" data-id=\"7364cd7\" data-element_type=\"widget\" data-e-type=\"widget\" data-widget_type=\"image.default\">\n\t\t\t\t<div class=\"elementor-widget-container\">\n\t\t\t\t\t\t\t\t\t\t\t\t\t\t\t<img fetchpriority=\"high\" decoding=\"async\" width=\"800\" height=\"353\" src=\"https:\/\/energo.green\/wp-content\/uploads\/2023\/08\/Schema-DBT-plasma_V2.svg\" class=\"attachment-large size-large wp-image-944\" alt=\"\" \/>\t\t\t\t\t\t\t\t\t\t\t\t\t\t\t<\/div>\n\t\t\t\t<\/div>\n\t\t\t\t\t<\/div>\n\t\t<\/div>\n\t\t\t\t\t<\/div>\n\t\t<\/section>\n\t\t\t\t<\/div>","protected":false},"excerpt":{"rendered":"<p>Converting gases into molecules of interest\u200b An innovative technology\u200b Discover Based on Chimie Paris tech research, Energo has developped an innovative technology of plasma catalysis to convert gases into molecules of interest.\u200b Low CAPEX and OPEX* Compact design High resistance to pollutants<\/p>","protected":false},"author":5,"featured_media":0,"parent":0,"menu_order":0,"comment_status":"closed","ping_status":"closed","template":"","meta":{"footnotes":""},"class_list":["post-31","page","type-page","status-publish","hentry"],"yoast_head":"<!-- This site is optimized with the Yoast SEO plugin v27.1.1 - https:\/\/yoast.com\/product\/yoast-seo-wordpress\/ -->\n<title>An innovative technology - Energo<\/title>\n<meta name=\"description\" content=\"An innovative technology - D\u00e9couvrir la technologie innovante d&#039;Energo pour lutter contre le r\u00e9chauffement climatique.\" \/>\n<meta name=\"robots\" content=\"index, follow, max-snippet:-1, max-image-preview:large, max-video-preview:-1\" \/>\n<link rel=\"canonical\" href=\"https:\/\/energo.green\/fr\/our-technology\/\" \/>\n<meta property=\"og:locale\" content=\"fr_FR\" \/>\n<meta property=\"og:type\" content=\"article\" \/>\n<meta property=\"og:title\" content=\"An innovative technology - Energo\" \/>\n<meta property=\"og:description\" content=\"An innovative technology - D\u00e9couvrir la technologie innovante d&#039;Energo pour lutter contre le r\u00e9chauffement climatique.\" \/>\n<meta property=\"og:url\" content=\"https:\/\/energo.green\/fr\/our-technology\/\" \/>\n<meta property=\"og:site_name\" content=\"Energo\" \/>\n<meta property=\"article:modified_time\" content=\"2024-10-08T13:29:15+00:00\" \/>\n<meta name=\"twitter:card\" content=\"summary_large_image\" \/>\n<meta name=\"twitter:label1\" content=\"Dur\u00e9e de lecture estim\u00e9e\" \/>\n\t<meta name=\"twitter:data1\" content=\"1 minute\" \/>\n<script type=\"application\/ld+json\" class=\"yoast-schema-graph\">{\"@context\":\"https:\/\/schema.org\",\"@graph\":[{\"@type\":\"WebPage\",\"@id\":\"https:\/\/energo.green\/our-technology\/\",\"url\":\"https:\/\/energo.green\/our-technology\/\",\"name\":\"An innovative technology - Energo\",\"isPartOf\":{\"@id\":\"https:\/\/energo.green\/#website\"},\"primaryImageOfPage\":{\"@id\":\"https:\/\/energo.green\/our-technology\/#primaryimage\"},\"image\":{\"@id\":\"https:\/\/energo.green\/our-technology\/#primaryimage\"},\"thumbnailUrl\":\"https:\/\/energo.green\/wp-content\/uploads\/2023\/08\/Schema-DBT-plasma_V2.svg\",\"datePublished\":\"2023-05-23T07:29:46+00:00\",\"dateModified\":\"2024-10-08T13:29:15+00:00\",\"description\":\"An innovative technology - D\u00e9couvrir la technologie innovante d'Energo pour lutter contre le r\u00e9chauffement climatique.\",\"breadcrumb\":{\"@id\":\"https:\/\/energo.green\/our-technology\/#breadcrumb\"},\"inLanguage\":\"fr-FR\",\"potentialAction\":[{\"@type\":\"ReadAction\",\"target\":[\"https:\/\/energo.green\/our-technology\/\"]}]},{\"@type\":\"ImageObject\",\"inLanguage\":\"fr-FR\",\"@id\":\"https:\/\/energo.green\/our-technology\/#primaryimage\",\"url\":\"https:\/\/energo.green\/wp-content\/uploads\/2023\/08\/Schema-DBT-plasma_V2.svg\",\"contentUrl\":\"https:\/\/energo.green\/wp-content\/uploads\/2023\/08\/Schema-DBT-plasma_V2.svg\"},{\"@type\":\"BreadcrumbList\",\"@id\":\"https:\/\/energo.green\/our-technology\/#breadcrumb\",\"itemListElement\":[{\"@type\":\"ListItem\",\"position\":1,\"name\":\"Accueil\",\"item\":\"https:\/\/energo.green\/\"},{\"@type\":\"ListItem\",\"position\":2,\"name\":\"Our technology\"}]},{\"@type\":\"WebSite\",\"@id\":\"https:\/\/energo.green\/#website\",\"url\":\"https:\/\/energo.green\/\",\"name\":\"Energo\",\"description\":\"\",\"publisher\":{\"@id\":\"https:\/\/energo.green\/#organization\"},\"potentialAction\":[{\"@type\":\"SearchAction\",\"target\":{\"@type\":\"EntryPoint\",\"urlTemplate\":\"https:\/\/energo.green\/?s={search_term_string}\"},\"query-input\":{\"@type\":\"PropertyValueSpecification\",\"valueRequired\":true,\"valueName\":\"search_term_string\"}}],\"inLanguage\":\"fr-FR\"},{\"@type\":\"Organization\",\"@id\":\"https:\/\/energo.green\/#organization\",\"name\":\"Energo\",\"url\":\"https:\/\/energo.green\/\",\"logo\":{\"@type\":\"ImageObject\",\"inLanguage\":\"fr-FR\",\"@id\":\"https:\/\/energo.green\/#\/schema\/logo\/image\/\",\"url\":\"https:\/\/energo.green\/wp-content\/uploads\/2023\/05\/Energo_main-2.svg\",\"contentUrl\":\"https:\/\/energo.green\/wp-content\/uploads\/2023\/05\/Energo_main-2.svg\",\"width\":160,\"height\":42,\"caption\":\"Energo\"},\"image\":{\"@id\":\"https:\/\/energo.green\/#\/schema\/logo\/image\/\"}}]}<\/script>\n<!-- \/ Yoast SEO plugin. -->","yoast_head_json":{"title":"An innovative technology - Energo","description":"An innovative technology - D\u00e9couvrir la technologie innovante d'Energo pour lutter contre le r\u00e9chauffement climatique.","robots":{"index":"index","follow":"follow","max-snippet":"max-snippet:-1","max-image-preview":"max-image-preview:large","max-video-preview":"max-video-preview:-1"},"canonical":"https:\/\/energo.green\/fr\/our-technology\/","og_locale":"fr_FR","og_type":"article","og_title":"An innovative technology - Energo","og_description":"An innovative technology - D\u00e9couvrir la technologie innovante d'Energo pour lutter contre le r\u00e9chauffement climatique.","og_url":"https:\/\/energo.green\/fr\/our-technology\/","og_site_name":"Energo","article_modified_time":"2024-10-08T13:29:15+00:00","twitter_card":"summary_large_image","twitter_misc":{"Dur\u00e9e de lecture estim\u00e9e":"1 minute"},"schema":{"@context":"https:\/\/schema.org","@graph":[{"@type":"WebPage","@id":"https:\/\/energo.green\/our-technology\/","url":"https:\/\/energo.green\/our-technology\/","name":"An innovative technology - Energo","isPartOf":{"@id":"https:\/\/energo.green\/#website"},"primaryImageOfPage":{"@id":"https:\/\/energo.green\/our-technology\/#primaryimage"},"image":{"@id":"https:\/\/energo.green\/our-technology\/#primaryimage"},"thumbnailUrl":"https:\/\/energo.green\/wp-content\/uploads\/2023\/08\/Schema-DBT-plasma_V2.svg","datePublished":"2023-05-23T07:29:46+00:00","dateModified":"2024-10-08T13:29:15+00:00","description":"An innovative technology - D\u00e9couvrir la technologie innovante d'Energo pour lutter contre le r\u00e9chauffement climatique.","breadcrumb":{"@id":"https:\/\/energo.green\/our-technology\/#breadcrumb"},"inLanguage":"fr-FR","potentialAction":[{"@type":"ReadAction","target":["https:\/\/energo.green\/our-technology\/"]}]},{"@type":"ImageObject","inLanguage":"fr-FR","@id":"https:\/\/energo.green\/our-technology\/#primaryimage","url":"https:\/\/energo.green\/wp-content\/uploads\/2023\/08\/Schema-DBT-plasma_V2.svg","contentUrl":"https:\/\/energo.green\/wp-content\/uploads\/2023\/08\/Schema-DBT-plasma_V2.svg"},{"@type":"BreadcrumbList","@id":"https:\/\/energo.green\/our-technology\/#breadcrumb","itemListElement":[{"@type":"ListItem","position":1,"name":"Accueil","item":"https:\/\/energo.green\/"},{"@type":"ListItem","position":2,"name":"Our technology"}]},{"@type":"WebSite","@id":"https:\/\/energo.green\/#website","url":"https:\/\/energo.green\/","name":"Energo","description":"","publisher":{"@id":"https:\/\/energo.green\/#organization"},"potentialAction":[{"@type":"SearchAction","target":{"@type":"EntryPoint","urlTemplate":"https:\/\/energo.green\/?s={search_term_string}"},"query-input":{"@type":"PropertyValueSpecification","valueRequired":true,"valueName":"search_term_string"}}],"inLanguage":"fr-FR"},{"@type":"Organization","@id":"https:\/\/energo.green\/#organization","name":"Energo","url":"https:\/\/energo.green\/","logo":{"@type":"ImageObject","inLanguage":"fr-FR","@id":"https:\/\/energo.green\/#\/schema\/logo\/image\/","url":"https:\/\/energo.green\/wp-content\/uploads\/2023\/05\/Energo_main-2.svg","contentUrl":"https:\/\/energo.green\/wp-content\/uploads\/2023\/05\/Energo_main-2.svg","width":160,"height":42,"caption":"Energo"},"image":{"@id":"https:\/\/energo.green\/#\/schema\/logo\/image\/"}}]}},"_links":{"self":[{"href":"https:\/\/energo.green\/fr\/wp-json\/wp\/v2\/pages\/31","targetHints":{"allow":["GET"]}}],"collection":[{"href":"https:\/\/energo.green\/fr\/wp-json\/wp\/v2\/pages"}],"about":[{"href":"https:\/\/energo.green\/fr\/wp-json\/wp\/v2\/types\/page"}],"author":[{"embeddable":true,"href":"https:\/\/energo.green\/fr\/wp-json\/wp\/v2\/users\/5"}],"replies":[{"embeddable":true,"href":"https:\/\/energo.green\/fr\/wp-json\/wp\/v2\/comments?post=31"}],"version-history":[{"count":39,"href":"https:\/\/energo.green\/fr\/wp-json\/wp\/v2\/pages\/31\/revisions"}],"predecessor-version":[{"id":1320,"href":"https:\/\/energo.green\/fr\/wp-json\/wp\/v2\/pages\/31\/revisions\/1320"}],"wp:attachment":[{"href":"https:\/\/energo.green\/fr\/wp-json\/wp\/v2\/media?parent=31"}],"curies":[{"name":"wp","href":"https:\/\/api.w.org\/{rel}","templated":true}]}}